{"id":988936,"date":"2024-05-02T23:08:46","date_gmt":"2024-05-03T04:08:46","guid":{"rendered":"https:\/\/ropitadeamor.com\/?post_type=product&#038;p=988936"},"modified":"2025-08-21T11:41:26","modified_gmt":"2025-08-21T16:41:26","slug":"g47","status":"publish","type":"product","link":"https:\/\/ropitadeamor.com\/index.php\/product\/g47\/","title":{"rendered":"G47"},"content":{"rendered":"\t\t<div data-elementor-type=\"product-post\" data-elementor-id=\"988936\" class=\"elementor elementor-988936\" data-elementor-post-type=\"product\">\n\t\t\t\t\t\t<section class=\"elementor-section elementor-top-section elementor-element elementor-element-4ce82ed9 elementor-section-content-middle elementor-section-height-min-height elementor-section-items-stretch elementor-section-boxed elementor-section-height-default\" data-id=\"4ce82ed9\" data-element_type=\"section\">\n\t\t\t\t\t\t<div class=\"elementor-container elementor-column-gap-no\">\n\t\t\t\t\t<div class=\"elementor-column elementor-col-50 elementor-top-column elementor-element elementor-element-299f9fa\" data-id=\"299f9fa\" data-element_type=\"column\" data-settings=\"{&quot;background_background&quot;:&quot;classic&quot;}\">\n\t\t\t<div class=\"elementor-widget-wrap elementor-element-populated\">\n\t\t\t\t\t\t<div class=\"elementor-element elementor-element-617e9e9a elementor-widget elementor-widget-heading\" data-id=\"617e9e9a\" data-element_type=\"widget\" data-widget_type=\"heading.default\">\n\t\t\t\t<div class=\"elementor-widget-container\">\n\t\t\t<style>\/*! elementor - v3.19.0 - 28-02-2024 *\/\n.elementor-heading-title{padding:0;margin:0;line-height:1}.elementor-widget-heading .elementor-heading-title[class*=elementor-size-]>a{color:inherit;font-size:inherit;line-height:inherit}.elementor-widget-heading .elementor-heading-title.elementor-size-small{font-size:15px}.elementor-widget-heading .elementor-heading-title.elementor-size-medium{font-size:19px}.elementor-widget-heading .elementor-heading-title.elementor-size-large{font-size:29px}.elementor-widget-heading .elementor-heading-title.elementor-size-xl{font-size:39px}.elementor-widget-heading .elementor-heading-title.elementor-size-xxl{font-size:59px}<\/style><h6 class=\"elementor-heading-title elementor-size-default\">Calidad<\/h6>\t\t<\/div>\n\t\t\t\t<\/div>\n\t\t\t\t<div class=\"elementor-element elementor-element-29d3ca87 elementor-widget elementor-widget-heading\" data-id=\"29d3ca87\" data-element_type=\"widget\" data-widget_type=\"heading.default\">\n\t\t\t\t<div class=\"elementor-widget-container\">\n\t\t\t<h2 class=\"elementor-heading-title elementor-size-default\">Descubre nuestra comprometida b\u00fasqueda por la calidad<\/h2>\t\t<\/div>\n\t\t\t\t<\/div>\n\t\t\t\t<div class=\"elementor-element elementor-element-13860655 elementor-widget elementor-widget-text-editor\" data-id=\"13860655\" data-element_type=\"widget\" data-widget_type=\"text-editor.default\">\n\t\t\t\t<div class=\"elementor-widget-container\">\n\t\t\t<style>\/*! elementor - v3.19.0 - 28-02-2024 *\/\n.elementor-widget-text-editor.elementor-drop-cap-view-stacked .elementor-drop-cap{background-color:#69727d;color:#fff}.elementor-widget-text-editor.elementor-drop-cap-view-framed .elementor-drop-cap{color:#69727d;border:3px solid;background-color:transparent}.elementor-widget-text-editor:not(.elementor-drop-cap-view-default) .elementor-drop-cap{margin-top:8px}.elementor-widget-text-editor:not(.elementor-drop-cap-view-default) .elementor-drop-cap-letter{width:1em;height:1em}.elementor-widget-text-editor .elementor-drop-cap{float:left;text-align:center;line-height:1;font-size:50px}.elementor-widget-text-editor .elementor-drop-cap-letter{display:inline-block}<\/style>\t\t\t\t<p>En nuestra tienda, la calidad es m\u00e1s que una caracter\u00edstica; es nuestro compromiso contigo. Cada producto que ofrecemos est\u00e1 cuidadosamente seleccionado y confeccionado con los m\u00e1s altos est\u00e1ndares.\u00a0<\/p>\t\t\t\t\t\t<\/div>\n\t\t\t\t<\/div>\n\t\t\t\t\t<\/div>\n\t\t<\/div>\n\t\t\t\t<div class=\"elementor-column elementor-col-50 elementor-top-column elementor-element elementor-element-7cf92472\" data-id=\"7cf92472\" data-element_type=\"column\" data-settings=\"{&quot;background_background&quot;:&quot;classic&quot;}\">\n\t\t\t<div class=\"elementor-widget-wrap elementor-element-populated\">\n\t\t\t\t\t\t<div class=\"elementor-element elementor-element-3993cd35 elementor-widget elementor-widget-spacer\" data-id=\"3993cd35\" data-element_type=\"widget\" data-widget_type=\"spacer.default\">\n\t\t\t\t<div class=\"elementor-widget-container\">\n\t\t\t<style>\/*! elementor - v3.19.0 - 28-02-2024 *\/\n.elementor-column .elementor-spacer-inner{height:var(--spacer-size)}.e-con{--container-widget-width:100%}.e-con-inner>.elementor-widget-spacer,.e-con>.elementor-widget-spacer{width:var(--container-widget-width,var(--spacer-size));--align-self:var(--container-widget-align-self,initial);--flex-shrink:0}.e-con-inner>.elementor-widget-spacer>.elementor-widget-container,.e-con>.elementor-widget-spacer>.elementor-widget-container{height:100%;width:100%}.e-con-inner>.elementor-widget-spacer>.elementor-widget-container>.elementor-spacer,.e-con>.elementor-widget-spacer>.elementor-widget-container>.elementor-spacer{height:100%}.e-con-inner>.elementor-widget-spacer>.elementor-widget-container>.elementor-spacer>.elementor-spacer-inner,.e-con>.elementor-widget-spacer>.elementor-widget-container>.elementor-spacer>.elementor-spacer-inner{height:var(--container-widget-height,var(--spacer-size))}.e-con-inner>.elementor-widget-spacer.elementor-widget-empty,.e-con>.elementor-widget-spacer.elementor-widget-empty{position:relative;min-height:22px;min-width:22px}.e-con-inner>.elementor-widget-spacer.elementor-widget-empty .elementor-widget-empty-icon,.e-con>.elementor-widget-spacer.elementor-widget-empty .elementor-widget-empty-icon{position:absolute;top:0;bottom:0;left:0;right:0;margin:auto;padding:0;width:22px;height:22px}<\/style>\t\t<div class=\"elementor-spacer\">\n\t\t\t<div class=\"elementor-spacer-inner\"><\/div>\n\t\t<\/div>\n\t\t\t\t<\/div>\n\t\t\t\t<\/div>\n\t\t\t\t\t<\/div>\n\t\t<\/div>\n\t\t\t\t\t<\/div>\n\t\t<\/section>\n\t\t\t\t<section class=\"elementor-section elementor-top-section elementor-element elementor-element-30eaf5f3 elementor-section-boxed elementor-section-height-default elementor-section-height-default\" data-id=\"30eaf5f3\" data-element_type=\"section\" data-settings=\"{&quot;background_background&quot;:&quot;classic&quot;}\">\n\t\t\t\t\t\t<div class=\"elementor-container elementor-column-gap-no\">\n\t\t\t\t\t<div class=\"elementor-column elementor-col-100 elementor-top-column elementor-element elementor-element-18217d1e\" data-id=\"18217d1e\" data-element_type=\"column\">\n\t\t\t<div class=\"elementor-widget-wrap elementor-element-populated\">\n\t\t\t\t\t\t<div class=\"elementor-element elementor-element-751e61a5 elementor-widget elementor-widget-spacer\" data-id=\"751e61a5\" data-element_type=\"widget\" data-widget_type=\"spacer.default\">\n\t\t\t\t<div class=\"elementor-widget-container\">\n\t\t\t\t\t<div class=\"elementor-spacer\">\n\t\t\t<div class=\"elementor-spacer-inner\"><\/div>\n\t\t<\/div>\n\t\t\t\t<\/div>\n\t\t\t\t<\/div>\n\t\t\t\t<div class=\"vamtam-has-theme-widget-styles elementor-element elementor-element-291b4dc2 elementor-widget__width-auto elementor-absolute elementor-widget elementor-widget-image\" data-id=\"291b4dc2\" data-element_type=\"widget\" data-settings=\"{&quot;_position&quot;:&quot;absolute&quot;}\" data-widget_type=\"image.default\">\n\t\t\t\t<div class=\"elementor-widget-container\">\n\t\t\t<style>\/*! elementor - v3.19.0 - 28-02-2024 *\/\n.elementor-widget-image{text-align:center}.elementor-widget-image a{display:inline-block}.elementor-widget-image a img[src$=\".svg\"]{width:48px}.elementor-widget-image img{vertical-align:middle;display:inline-block}<\/style>\t\t\t\t<div class=\"elementor-image\">\n\t\t\t\t\t\t\t\t\t\t\t\t\t\t\t\t\t\t\t\t\t<img decoding=\"async\" width=\"187\" height=\"164\" src=\"https:\/\/ropitadeamor.com\/wp-content\/uploads\/2022\/03\/path-white.svg\" class=\"attachment-full size-full wp-image-517\" alt=\"\" \/>\t\t\t\t\t\t\t\t\t\t\t\t\t\t\t\t\t\t\t\t\t\t\t\t<\/div>\n\t\t\t\t\t\t<\/div>\n\t\t\t\t<\/div>\n\t\t\t\t\t<\/div>\n\t\t<\/div>\n\t\t\t\t\t<\/div>\n\t\t<\/section>\n\t\t\t\t<section class=\"elementor-section elementor-top-section elementor-element elementor-element-50cb62e9 elementor-reverse-mobile elementor-section-boxed elementor-section-height-default elementor-section-height-default\" data-id=\"50cb62e9\" data-element_type=\"section\">\n\t\t\t\t\t\t<div class=\"elementor-container elementor-column-gap-no\">\n\t\t\t\t\t<div class=\"elementor-column elementor-col-33 elementor-top-column elementor-element elementor-element-77a6783c\" data-id=\"77a6783c\" data-element_type=\"column\">\n\t\t\t<div class=\"elementor-widget-wrap\">\n\t\t\t\t\t\t\t<\/div>\n\t\t<\/div>\n\t\t\t\t<div class=\"elementor-column elementor-col-33 elementor-top-column elementor-element elementor-element-3845baa1\" data-id=\"3845baa1\" data-element_type=\"column\" data-settings=\"{&quot;background_background&quot;:&quot;classic&quot;}\">\n\t\t\t<div class=\"elementor-widget-wrap elementor-element-populated\">\n\t\t\t\t\t\t<div class=\"vamtam-has-theme-widget-styles elementor-element elementor-element-b90993e elementor-widget elementor-widget-image\" data-id=\"b90993e\" data-element_type=\"widget\" data-widget_type=\"image.default\">\n\t\t\t\t<div class=\"elementor-widget-container\">\n\t\t\t\t\t\t\t<div class=\"elementor-image\">\n\t\t\t\t\t\t\t\t\t\t\t\t\t\t\t\t\t\t\t\t\t<img fetchpriority=\"high\" decoding=\"async\" width=\"400\" height=\"151\" src=\"https:\/\/ropitadeamor.com\/wp-content\/uploads\/2022\/03\/9.png\" class=\"attachment-large size-large wp-image-987662\" alt=\"\" srcset=\"https:\/\/ropitadeamor.com\/wp-content\/uploads\/2022\/03\/9.png 400w, https:\/\/ropitadeamor.com\/wp-content\/uploads\/2022\/03\/9-300x113.png 300w, https:\/\/ropitadeamor.com\/wp-content\/uploads\/2022\/03\/9-64x24.png 64w\" sizes=\"(max-width: 400px) 100vw, 400px\" \/>\t\t\t\t\t\t\t\t\t\t\t\t\t\t\t\t\t\t\t\t\t\t\t\t<\/div>\n\t\t\t\t\t\t<\/div>\n\t\t\t\t<\/div>\n\t\t\t\t<div class=\"elementor-element elementor-element-731aa8b7 elementor-widget elementor-widget-heading\" data-id=\"731aa8b7\" data-element_type=\"widget\" data-widget_type=\"heading.default\">\n\t\t\t\t<div class=\"elementor-widget-container\">\n\t\t\t<h6 class=\"elementor-heading-title elementor-size-default\">Hecho con amor<\/h6>\t\t<\/div>\n\t\t\t\t<\/div>\n\t\t\t\t<div class=\"elementor-element elementor-element-4e748a60 elementor-widget__width-auto elementor-widget elementor-widget-heading\" data-id=\"4e748a60\" data-element_type=\"widget\" data-widget_type=\"heading.default\">\n\t\t\t\t<div class=\"elementor-widget-container\">\n\t\t\t<h2 class=\"elementor-heading-title elementor-size-default\">Hecho pensando en la seguridad<\/h2>\t\t<\/div>\n\t\t\t\t<\/div>\n\t\t\t\t<div class=\"elementor-element elementor-element-44ff1da7 elementor-widget elementor-widget-text-editor\" data-id=\"44ff1da7\" data-element_type=\"widget\" data-widget_type=\"text-editor.default\">\n\t\t\t\t<div class=\"elementor-widget-container\">\n\t\t\t\t\t\t\t<p>En Ropita de amor, entendemos que la piel de un beb\u00e9 es extremadamente delicada y absorbente. Es por eso que nos comprometemos a ofrecer ropa de alta calidad, priorizando la comodidad y el bienestar de los m\u00e1s peque\u00f1os.<\/p><p>Seleccionamos cuidadosamente\u00a0 nuestras prendas, centr\u00e1ndonos en la importancia de la calidad en cada detalle. Creemos que la ropa para beb\u00e9s no solo debe ser adorable, sino tambi\u00e9n segura y confiable<\/p>\t\t\t\t\t\t<\/div>\n\t\t\t\t<\/div>\n\t\t\t\t<div class=\"vamtam-has-theme-widget-styles elementor-element elementor-element-2f216757 elementor-widget elementor-widget-image\" data-id=\"2f216757\" data-element_type=\"widget\" data-widget_type=\"image.default\">\n\t\t\t\t<div class=\"elementor-widget-container\">\n\t\t\t\t\t\t\t<div class=\"elementor-image\">\n\t\t\t\t\t\t\t\t\t\t\t\t\t\t\t\t\t\t\t\t\t<img decoding=\"async\" width=\"187\" height=\"164\" src=\"https:\/\/ropitadeamor.com\/wp-content\/uploads\/2022\/03\/path.svg\" class=\"attachment-full size-full wp-image-56\" alt=\"\" \/>\t\t\t\t\t\t\t\t\t\t\t\t\t\t\t\t\t\t\t\t\t\t\t\t<\/div>\n\t\t\t\t\t\t<\/div>\n\t\t\t\t<\/div>\n\t\t\t\t\t<\/div>\n\t\t<\/div>\n\t\t\t\t<div class=\"elementor-column elementor-col-33 elementor-top-column elementor-element elementor-element-79277301\" data-id=\"79277301\" data-element_type=\"column\">\n\t\t\t<div class=\"elementor-widget-wrap elementor-element-populated\">\n\t\t\t\t\t\t<div class=\"elementor-element elementor-element-43b415f5 elementor-view-default elementor-widget elementor-widget-icon\" data-id=\"43b415f5\" data-element_type=\"widget\" data-widget_type=\"icon.default\">\n\t\t\t\t<div class=\"elementor-widget-container\">\n\t\t\t\t\t<div class=\"elementor-icon-wrapper\">\n\t\t\t<div class=\"elementor-icon\">\n\t\t\t<i aria-hidden=\"true\" class=\"vamtamtheme- vamtam-theme-cloud\"><\/i>\t\t\t<\/div>\n\t\t<\/div>\n\t\t\t\t<\/div>\n\t\t\t\t<\/div>\n\t\t\t\t\t<\/div>\n\t\t<\/div>\n\t\t\t\t\t<\/div>\n\t\t<\/section>\n\t\t\t\t<\/div>\n\t\t","protected":false},"excerpt":{"rendered":"<p><img loading=\"lazy\" decoding=\"async\" class=\"alignnone wp-image-988244\" src=\"https:\/\/ropitadeamor.com\/wp-content\/uploads\/2024\/03\/aaa-300x167.png\" alt=\"\" width=\"481\" height=\"268\" srcset=\"https:\/\/ropitadeamor.com\/wp-content\/uploads\/2024\/03\/aaa-300x167.png 300w, https:\/\/ropitadeamor.com\/wp-content\/uploads\/2024\/03\/aaa-64x36.png 64w, https:\/\/ropitadeamor.com\/wp-content\/uploads\/2024\/03\/aaa.png 609w\" sizes=\"(max-width: 481px) 100vw, 481px\" \/><\/p>\n","protected":false},"featured_media":988942,"template":"","meta":{"_joinchat":{"telephone":"+593998345921","message_text":"Escr\u00edbenos v\u00eda WhatsApp para una atenci\u00f3n personalizada."}},"product_cat":[344,356,56,51],"product_tag":[355],"yoast_head":"<!-- This site is optimized with the Yoast SEO plugin v22.1 - https:\/\/yoast.com\/wordpress\/plugins\/seo\/ -->\n<title>G47 - Ropita de amor<\/title>\n<meta name=\"robots\" content=\"index, follow, max-snippet:-1, max-image-preview:large, max-video-preview:-1\" \/>\n<link rel=\"canonical\" href=\"https:\/\/ropitadeamor.com\/index.php\/product\/g47\/\" \/>\n<meta property=\"og:locale\" content=\"es_ES\" \/>\n<meta property=\"og:type\" content=\"article\" \/>\n<meta property=\"og:title\" content=\"G47 - Ropita de amor\" \/>\n<meta property=\"og:url\" content=\"https:\/\/ropitadeamor.com\/index.php\/product\/g47\/\" \/>\n<meta property=\"og:site_name\" content=\"Ropita de amor\" \/>\n<meta property=\"article:modified_time\" content=\"2025-08-21T16:41:26+00:00\" \/>\n<meta property=\"og:image\" content=\"https:\/\/ropitadeamor.com\/wp-content\/uploads\/2024\/05\/G47-1.jpg\" \/>\n\t<meta property=\"og:image:width\" content=\"1800\" \/>\n\t<meta property=\"og:image:height\" content=\"1800\" \/>\n\t<meta property=\"og:image:type\" content=\"image\/jpeg\" \/>\n<meta name=\"twitter:card\" content=\"summary_large_image\" \/>\n<meta name=\"twitter:label1\" content=\"Tiempo de lectura\" \/>\n\t<meta name=\"twitter:data1\" content=\"2 minutos\" \/>\n<script type=\"application\/ld+json\" class=\"yoast-schema-graph\">{\"@context\":\"https:\/\/schema.org\",\"@graph\":[{\"@type\":\"WebPage\",\"@id\":\"https:\/\/ropitadeamor.com\/index.php\/product\/g47\/\",\"url\":\"https:\/\/ropitadeamor.com\/index.php\/product\/g47\/\",\"name\":\"G47 - Ropita de amor\",\"isPartOf\":{\"@id\":\"https:\/\/ropitadeamor.com\/#website\"},\"datePublished\":\"2024-05-03T04:08:46+00:00\",\"dateModified\":\"2025-08-21T16:41:26+00:00\",\"breadcrumb\":{\"@id\":\"https:\/\/ropitadeamor.com\/index.php\/product\/g47\/#breadcrumb\"},\"inLanguage\":\"es\",\"potentialAction\":[{\"@type\":\"ReadAction\",\"target\":[\"https:\/\/ropitadeamor.com\/index.php\/product\/g47\/\"]}]},{\"@type\":\"BreadcrumbList\",\"@id\":\"https:\/\/ropitadeamor.com\/index.php\/product\/g47\/#breadcrumb\",\"itemListElement\":[{\"@type\":\"ListItem\",\"position\":1,\"name\":\"Home\",\"item\":\"https:\/\/ropitadeamor.com\/\"},{\"@type\":\"ListItem\",\"position\":2,\"name\":\"Shop\",\"item\":\"https:\/\/ropitadeamor.com\/index.php\/shop\/\"},{\"@type\":\"ListItem\",\"position\":3,\"name\":\"G47\"}]},{\"@type\":\"WebSite\",\"@id\":\"https:\/\/ropitadeamor.com\/#website\",\"url\":\"https:\/\/ropitadeamor.com\/\",\"name\":\"Ropita de amor\",\"description\":\"\",\"publisher\":{\"@id\":\"https:\/\/ropitadeamor.com\/#organization\"},\"potentialAction\":[{\"@type\":\"SearchAction\",\"target\":{\"@type\":\"EntryPoint\",\"urlTemplate\":\"https:\/\/ropitadeamor.com\/?s={search_term_string}\"},\"query-input\":\"required name=search_term_string\"}],\"inLanguage\":\"es\"},{\"@type\":\"Organization\",\"@id\":\"https:\/\/ropitadeamor.com\/#organization\",\"name\":\"Ropita de amor\",\"url\":\"https:\/\/ropitadeamor.com\/\",\"logo\":{\"@type\":\"ImageObject\",\"inLanguage\":\"es\",\"@id\":\"https:\/\/ropitadeamor.com\/#\/schema\/logo\/image\/\",\"url\":\"https:\/\/ropitadeamor.com\/wp-content\/uploads\/2022\/03\/9.png\",\"contentUrl\":\"https:\/\/ropitadeamor.com\/wp-content\/uploads\/2022\/03\/9.png\",\"width\":400,\"height\":151,\"caption\":\"Ropita de amor\"},\"image\":{\"@id\":\"https:\/\/ropitadeamor.com\/#\/schema\/logo\/image\/\"}}]}<\/script>\n<!-- \/ Yoast SEO plugin. -->","yoast_head_json":{"title":"G47 - Ropita de amor","robots":{"index":"index","follow":"follow","max-snippet":"max-snippet:-1","max-image-preview":"max-image-preview:large","max-video-preview":"max-video-preview:-1"},"canonical":"https:\/\/ropitadeamor.com\/index.php\/product\/g47\/","og_locale":"es_ES","og_type":"article","og_title":"G47 - Ropita de amor","og_url":"https:\/\/ropitadeamor.com\/index.php\/product\/g47\/","og_site_name":"Ropita de amor","article_modified_time":"2025-08-21T16:41:26+00:00","og_image":[{"width":1800,"height":1800,"url":"https:\/\/ropitadeamor.com\/wp-content\/uploads\/2024\/05\/G47-1.jpg","type":"image\/jpeg"}],"twitter_card":"summary_large_image","twitter_misc":{"Tiempo de lectura":"2 minutos"},"schema":{"@context":"https:\/\/schema.org","@graph":[{"@type":"WebPage","@id":"https:\/\/ropitadeamor.com\/index.php\/product\/g47\/","url":"https:\/\/ropitadeamor.com\/index.php\/product\/g47\/","name":"G47 - Ropita de amor","isPartOf":{"@id":"https:\/\/ropitadeamor.com\/#website"},"datePublished":"2024-05-03T04:08:46+00:00","dateModified":"2025-08-21T16:41:26+00:00","breadcrumb":{"@id":"https:\/\/ropitadeamor.com\/index.php\/product\/g47\/#breadcrumb"},"inLanguage":"es","potentialAction":[{"@type":"ReadAction","target":["https:\/\/ropitadeamor.com\/index.php\/product\/g47\/"]}]},{"@type":"BreadcrumbList","@id":"https:\/\/ropitadeamor.com\/index.php\/product\/g47\/#breadcrumb","itemListElement":[{"@type":"ListItem","position":1,"name":"Home","item":"https:\/\/ropitadeamor.com\/"},{"@type":"ListItem","position":2,"name":"Shop","item":"https:\/\/ropitadeamor.com\/index.php\/shop\/"},{"@type":"ListItem","position":3,"name":"G47"}]},{"@type":"WebSite","@id":"https:\/\/ropitadeamor.com\/#website","url":"https:\/\/ropitadeamor.com\/","name":"Ropita de amor","description":"","publisher":{"@id":"https:\/\/ropitadeamor.com\/#organization"},"potentialAction":[{"@type":"SearchAction","target":{"@type":"EntryPoint","urlTemplate":"https:\/\/ropitadeamor.com\/?s={search_term_string}"},"query-input":"required name=search_term_string"}],"inLanguage":"es"},{"@type":"Organization","@id":"https:\/\/ropitadeamor.com\/#organization","name":"Ropita de amor","url":"https:\/\/ropitadeamor.com\/","logo":{"@type":"ImageObject","inLanguage":"es","@id":"https:\/\/ropitadeamor.com\/#\/schema\/logo\/image\/","url":"https:\/\/ropitadeamor.com\/wp-content\/uploads\/2022\/03\/9.png","contentUrl":"https:\/\/ropitadeamor.com\/wp-content\/uploads\/2022\/03\/9.png","width":400,"height":151,"caption":"Ropita de amor"},"image":{"@id":"https:\/\/ropitadeamor.com\/#\/schema\/logo\/image\/"}}]}},"_links":{"self":[{"href":"https:\/\/ropitadeamor.com\/index.php\/wp-json\/wp\/v2\/product\/988936"}],"collection":[{"href":"https:\/\/ropitadeamor.com\/index.php\/wp-json\/wp\/v2\/product"}],"about":[{"href":"https:\/\/ropitadeamor.com\/index.php\/wp-json\/wp\/v2\/types\/product"}],"version-history":[{"count":2,"href":"https:\/\/ropitadeamor.com\/index.php\/wp-json\/wp\/v2\/product\/988936\/revisions"}],"predecessor-version":[{"id":989421,"href":"https:\/\/ropitadeamor.com\/index.php\/wp-json\/wp\/v2\/product\/988936\/revisions\/989421"}],"wp:featuredmedia":[{"embeddable":true,"href":"https:\/\/ropitadeamor.com\/index.php\/wp-json\/wp\/v2\/media\/988942"}],"wp:attachment":[{"href":"https:\/\/ropitadeamor.com\/index.php\/wp-json\/wp\/v2\/media?parent=988936"}],"wp:term":[{"taxonomy":"product_cat","embeddable":true,"href":"https:\/\/ropitadeamor.com\/index.php\/wp-json\/wp\/v2\/product_cat?post=988936"},{"taxonomy":"product_tag","embeddable":true,"href":"https:\/\/ropitadeamor.com\/index.php\/wp-json\/wp\/v2\/product_tag?post=988936"}],"curies":[{"name":"wp","href":"https:\/\/api.w.org\/{rel}","templated":true}]}}